{"id":336,"date":"2019-04-21T15:00:51","date_gmt":"2019-04-21T15:00:51","guid":{"rendered":"http:\/\/hrc-halle.de\/?page_id=336"},"modified":"2022-05-17T06:30:59","modified_gmt":"2022-05-17T06:30:59","slug":"crowdfunding-fuer-neue-boote","status":"publish","type":"page","link":"https:\/\/hrc-halle.de\/?page_id=336","title":{"rendered":"Crowdfunding neue Boote"},"content":{"rendered":"<h1>Crowdfunding f\u00fcr neue Boote<\/h1>\n<p class=\"p1\"><span class=\"s1\">8.800 EUR. Das \u00a0ist das Crowdfunding f\u00fcr den neuen Renndoppelzweier (inkl. Skulls) f\u00fcr unsere Jugendabteilung! \u00a0<\/span><\/p>\n<p class=\"p1\"><span class=\"s1\">Wir danken allen tollen Unterst\u00fctzerInnen! Der Zweier geht in die Bestellung \ud83d\ude42<\/span><\/p>\n<p>&nbsp;<\/p>\n<p>&nbsp;<\/p>\n<h1 class=\"p1\"><span class=\"s1\">Toller Unterst\u00fctzer werden<\/span><\/h1>\n<p class=\"p1\"><span class=\"s1\">Werden Sie toller Unterst\u00fctzer (und sammeln Sie Sterne) f\u00fcr diese wichtigen Projekte. Spenden Sie und erhalten daf\u00fcr goldene Sterne von uns. Ein Sternchen kostet 50 EUR, ein gro\u00dfer Stern kostet 500 EUR, ein Sternzeichen <\/span><span class=\"s1\">\u00a0kostet \u00a01.500 EUR.<\/span><\/p>\n<p class=\"p1\"><span class=\"s1\">Tr\u00e4ger des gro\u00dfen Sterns oder des Sternzeichens kommen in unsere <em>Hall of Fame<\/em>. Die Boote werden angeschafft sobald alle Sterne einen Besitzer gefunden haben. Unter allen Spendern einer Summe von mindestens 1.500 EUR werden die Namensvorschl\u00e4ge f\u00fcr das Boot ausgelost.<\/span><\/p>\n<h1>Auf Sie kommt es an!<\/h1>\n<p>Nur mit Ihrer Hilfe werde diese Projekte real. Ihre Unterst\u00fctzung als Spenden bitte in \u00a0Form einer \u00dcberweisung (mit Verwendungszweck siehe unten) an:<\/p>\n<p><strong>Hallescher Ruder-Club e.V.<\/strong><\/p>\n<p><strong>IBAN: DE46 8005 3762 0384 3006 03<\/strong><\/p>\n<p><strong>Verwendungszweck:\u00a0<\/strong><\/p>\n<p><strong>Toller Unterst\u00fctzer Trainingszweier Erwachsene<\/strong><\/p>\n<p><span class=\"s1\">Spendenbescheinigungen erhalten Sie auf Wunsch nat\u00fcrlich nach Erhalt Ihrer Spende.<\/span><\/p>\n<p>&nbsp;<\/p>\n<p>Wir danken Ihnen und Euch!<\/p>\n<p>Der HRC Vorstand<\/p>\n<p>&nbsp;<\/p>\n<h1>Akuteller Spendenstand (30.11.2019)<\/h1>\n<p>Hier sehen Sie den aktuellen Spendenstand. Wer nicht namentlich genannt werden m\u00f6chte, bitte auf den Verwendungszweck zus\u00e4tzlich die Angabe &#8220; bitte ohne Namen&#8220;.<\/p>\n<p>&nbsp;<\/p>\n<p><img loading=\"lazy\" decoding=\"async\" class=\"alignright size-large wp-image-343\" src=\"http:\/\/hrc-halle.de\/wp-content\/uploads\/2019\/04\/2er_hochkant-189x1024.png\" alt=\"\" width=\"189\" height=\"1024\" srcset=\"https:\/\/hrc-halle.de\/wp-content\/uploads\/2019\/04\/2er_hochkant-189x1024.png 189w, https:\/\/hrc-halle.de\/wp-content\/uploads\/2019\/04\/2er_hochkant.png 269w\" sizes=\"(max-width: 189px) 100vw, 189px\" \/><\/p>\n<p><strong>Trainingszweier 65kg + 1 Paar Skulls<\/strong><\/p>\n<p>aktueller Stand: 176 von 176 Sternchen (= 8.800 EUR)<\/p>\n<p>2.5 Sternbilder (= 4.000 EUR): anonym<\/p>\n<p>1 Gro\u00dfer Stern: Hendrik Veith<\/p>\n<p>1 Gro\u00dfer Stern: anonym<\/p>\n<p>1 Gro\u00dfer Stern: Mitarbeiter Abteilung DHL Customs<\/p>\n<div>5 Sternchen: Dirk Flickinger<\/div>\n<div><\/div>\n<p>18 Sternchen: tolle Eltern<\/p>\n<p>4 Sternchen: Andreas Bade<\/p>\n<p>4 Sternchen: Ulrich Erhard<\/p>\n<p>4 Sternchen: Autohaus Huttenstra\u00dfe<\/p>\n<p>4 Sternchen: anonym<\/p>\n<p>4 Sternchen: anonym<\/p>\n<p>3 Sternchen: HRC Vorstand<\/p>\n<p>3 Sternchen: <a href=\"https:\/\/lsb-coaching.de\">LSB Coaching &#8211; Dr. Jan Heise<\/a><\/p>\n<p>2 Sternchen: Michael Fritze<\/p>\n<div>2 Sternchen: Steffen Sand<\/div>\n<div><\/div>\n<p>2 Sternchen: Mitarbeiter DHL-Express<\/p>\n<p>2 Sternchen: Fam. Thomas + Juliane Schmidt<\/p>\n<p>2 Sternchen: Andreas Sch\u00f6nes<\/p>\n<p>1 Sternchen: Steffen Reski<\/p>\n<p>1 Sternchen: Katja+Ronald H\u00e4der<\/p>\n<p>1 Sternchen: Claudia Klein<\/p>\n<p>1 Sternchen: anonym<\/p>\n<p>1 Sternchen: anonym<\/p>\n<p>1 Sternchen: Stephan Holtz<\/p>\n<p>1 Sternchen: anonym<\/p>\n<p>&nbsp;<\/p>\n<p><strong>Trainingszweier 80kg<\/strong><\/p>\n<p>aktueller Stand: 9 von 130 Sternchen (= 450 EUR)<\/p>\n<p>3 Sternchen: HRC Vorstand<\/p>\n<p>3 Sternchen: <a href=\"https:\/\/lsb-coaching.de\">LSB Coaching &#8211; Dr. Jan Heise<\/a><\/p>\n<p>1 Sternchen: Dr. Lioudmila Chatalova<\/p>\n<p>1 Sternchen: anonym<\/p>\n<p>1 Sternchen: anonym<\/p>\n<p>&nbsp;<\/p>\n<p>&nbsp;<\/p>\n","protected":false},"excerpt":{"rendered":"<p>Crowdfunding f\u00fcr neue Boote 8.800 EUR. Das \u00a0ist das Crowdfunding f\u00fcr den neuen Renndoppelzweier (inkl. Skulls) f\u00fcr unsere Jugendabteilung! \u00a0 Wir danken allen tollen Unterst\u00fctzerInnen! Der Zweier geht in die Bestellung \ud83d\ude42 &nbsp; &nbsp; Toller Unterst\u00fctzer werden Werden Sie toller Unterst\u00fctzer (und sammeln Sie Sterne) f\u00fcr diese wichtigen Projekte. Spenden Sie und erhalten daf\u00fcr goldene &hellip; <\/p>\n<p class=\"link-more\"><a href=\"https:\/\/hrc-halle.de\/?page_id=336\" class=\"more-link\"><span class=\"screen-reader-text\">\u201eCrowdfunding neue Boote\u201c<\/span> weiterlesen<\/a><\/p>\n","protected":false},"author":2,"featured_media":0,"parent":687,"menu_order":3,"comment_status":"closed","ping_status":"closed","template":"","meta":{"footnotes":""},"_links":{"self":[{"href":"https:\/\/hrc-halle.de\/index.php?rest_route=\/wp\/v2\/pages\/336"}],"collection":[{"href":"https:\/\/hrc-halle.de\/index.php?rest_route=\/wp\/v2\/pages"}],"about":[{"href":"https:\/\/hrc-halle.de\/index.php?rest_route=\/wp\/v2\/types\/page"}],"author":[{"embeddable":true,"href":"https:\/\/hrc-halle.de\/index.php?rest_route=\/wp\/v2\/users\/2"}],"replies":[{"embeddable":true,"href":"https:\/\/hrc-halle.de\/index.php?rest_route=%2Fwp%2Fv2%2Fcomments&post=336"}],"version-history":[{"count":43,"href":"https:\/\/hrc-halle.de\/index.php?rest_route=\/wp\/v2\/pages\/336\/revisions"}],"predecessor-version":[{"id":629,"href":"https:\/\/hrc-halle.de\/index.php?rest_route=\/wp\/v2\/pages\/336\/revisions\/629"}],"up":[{"embeddable":true,"href":"https:\/\/hrc-halle.de\/index.php?rest_route=\/wp\/v2\/pages\/687"}],"wp:attachment":[{"href":"https:\/\/hrc-halle.de\/index.php?rest_route=%2Fwp%2Fv2%2Fmedia&parent=336"}],"curies":[{"name":"wp","href":"https:\/\/api.w.org\/{rel}","templated":true}]}}