{"id":449,"date":"2020-01-22T09:39:23","date_gmt":"2020-01-22T09:39:23","guid":{"rendered":"http:\/\/hrc-halle.de\/?page_id=449"},"modified":"2023-08-08T14:36:00","modified_gmt":"2023-08-08T14:36:00","slug":"freizeitrudern","status":"publish","type":"page","link":"https:\/\/hrc-halle.de\/?page_id=449","title":{"rendered":"Freizeitrudern"},"content":{"rendered":"<p>Rudern in der freien Zeit. Nach dem Feierabend oder am Wochenende. Allein oder in der Gruppe. Die fast lautlose Bewegung \u00fcber dem Wasser. Gesund f\u00fcr K\u00f6rper und Geist. Die gute Laune dabei und danach. <\/p>\n<p>Die Gruppe unserer Freizeitruderer im HRC betr\u00e4gt ca. 100 Personen zwischen 20 und 85 Jahren.<br \/>\nGerudert wird in der Regel in breiteren Wanderbooten oder (wer entsprechend gut rudern kann) auch in schmaleren Trainingsbooten. Unsere Hausstrecke beginnt bei Saale km 89,5 und geht stromaufw\u00e4rts bis km 93,5. Der Fluss ist hier windgesch\u00fctzt und f\u00fchrt an den meisten Tagen im Jahr nur so viel Wasser, dass sich wunderbar rudern l\u00e4\u00dft. <\/p>\n<p>Am Wochenende, besonders wenn das Wetter gut ist, teilen wir uns diesen Teil der Saale mit zahlreichen Padlern, Schwimmern, Motorbooten und und und. Da macht es Sinn, schon ein wenig fr\u00fcher auf dem Wasser zu sein&#8230;<\/p>\n","protected":false},"excerpt":{"rendered":"<p>Rudern in der freien Zeit. Nach dem Feierabend oder am Wochenende. Allein oder in der Gruppe. Die fast lautlose Bewegung \u00fcber dem Wasser. Gesund f\u00fcr K\u00f6rper und Geist. Die gute Laune dabei und danach. Die Gruppe unserer Freizeitruderer im HRC betr\u00e4gt ca. 100 Personen zwischen 20 und 85 Jahren. Gerudert wird in der Regel in &hellip; <\/p>\n<p class=\"link-more\"><a href=\"https:\/\/hrc-halle.de\/?page_id=449\" class=\"more-link\"><span class=\"screen-reader-text\">\u201eFreizeitrudern\u201c<\/span> weiterlesen<\/a><\/p>\n","protected":false},"author":7,"featured_media":166,"parent":75,"menu_order":2,"comment_status":"closed","ping_status":"closed","template":"","meta":{"footnotes":""},"_links":{"self":[{"href":"https:\/\/hrc-halle.de\/index.php?rest_route=\/wp\/v2\/pages\/449"}],"collection":[{"href":"https:\/\/hrc-halle.de\/index.php?rest_route=\/wp\/v2\/pages"}],"about":[{"href":"https:\/\/hrc-halle.de\/index.php?rest_route=\/wp\/v2\/types\/page"}],"author":[{"embeddable":true,"href":"https:\/\/hrc-halle.de\/index.php?rest_route=\/wp\/v2\/users\/7"}],"replies":[{"embeddable":true,"href":"https:\/\/hrc-halle.de\/index.php?rest_route=%2Fwp%2Fv2%2Fcomments&post=449"}],"version-history":[{"count":11,"href":"https:\/\/hrc-halle.de\/index.php?rest_route=\/wp\/v2\/pages\/449\/revisions"}],"predecessor-version":[{"id":831,"href":"https:\/\/hrc-halle.de\/index.php?rest_route=\/wp\/v2\/pages\/449\/revisions\/831"}],"up":[{"embeddable":true,"href":"https:\/\/hrc-halle.de\/index.php?rest_route=\/wp\/v2\/pages\/75"}],"wp:featuredmedia":[{"embeddable":true,"href":"https:\/\/hrc-halle.de\/index.php?rest_route=\/wp\/v2\/media\/166"}],"wp:attachment":[{"href":"https:\/\/hrc-halle.de\/index.php?rest_route=%2Fwp%2Fv2%2Fmedia&parent=449"}],"curies":[{"name":"wp","href":"https:\/\/api.w.org\/{rel}","templated":true}]}}