{"id":562,"date":"2020-07-08T12:16:52","date_gmt":"2020-07-08T12:16:52","guid":{"rendered":"http:\/\/hrc-halle.de\/?page_id=562"},"modified":"2022-05-19T08:44:13","modified_gmt":"2022-05-19T08:44:13","slug":"ruderkleidung","status":"publish","type":"page","link":"https:\/\/hrc-halle.de\/?page_id=562","title":{"rendered":"Vereinskleidung"},"content":{"rendered":"<p>Im HRC-Online-Shop kann jedes Mitglied direkt seine Kleidung, Handt\u00fccher, Taschen und M\u00fctzen bestellen. Ihr findet den Shop per folgendem Link oder im Men\u00fc unter VEREIN.<\/p>\n<p><a href=\"https:\/\/wosz-fan-shop.de\/hallescherruderclub\/\">https:\/\/wosz-fan-shop.de\/hallescherruderclub\/<\/a><\/p>\n<p>Bevor Ihr loslegt hier noch ein paar wichtige Hinweise!<\/p>\n<p><strong>Erima Kleidung und Zubeh\u00f6r:<\/strong><\/p>\n<p>Die HRC Kleidung ist im Wosz Fan Shop vor Ort NICHT vorr\u00e4tig, sie wird \u00fcber den HRC Online-Shop individuell bestellt.<br \/>\nDie Bezahlung erfolgt bei Bestellung.<br \/>\nFalls Unsicherheiten bei Gr\u00f6\u00dfen bestehen, gebt beim Bestellen unter &#8222;Versandart&#8220; im Kommentarfeld &#8222;vor Druck Anprobe im Shop&#8220; an!<br \/>\nEine R\u00fcckgabe bedruckter Artikel ist leider nicht m\u00f6glich.<br \/>\nDie Lieferung frei Haus gibt es ab 100 \u20ac Bestellwert. Die Abholung im Wosz Fan Shop ist kostenfrei.<br \/>\nGr\u00f6\u00dfenangaben bei Erima Kleidung:<br \/>\nKinder: 128-164<br \/>\nDamen: 34-48<br \/>\nHerren: S-4XL<\/p>\n<p><strong>JL Kleidung (Weste und Einteiler):<\/strong><\/p>\n<p>Ruderwesten und Einteiler k\u00f6nnen NUR als verbindliche Sammelbestellung (mindestens 10 St\u00fcck) erworben werden. Beachtet bitte entsprechende Infos im Online-Shop!<br \/>\nRuderweste (Unisex) und Rudereinteiler (M\/F\/K): beachtet bitte die Gr\u00f6\u00dfentabellen.<\/p>\n<p><strong>Adresse des Wosz-Fan-Shop:<\/strong><\/p>\n<p><span class=\"LrzXr\">Bertramstra\u00dfe 20, 06110 Halle (Saale)<\/span><\/p>\n","protected":false},"excerpt":{"rendered":"<p>Im HRC-Online-Shop kann jedes Mitglied direkt seine Kleidung, Handt\u00fccher, Taschen und M\u00fctzen bestellen. Ihr findet den Shop per folgendem Link oder im Men\u00fc unter VEREIN. https:\/\/wosz-fan-shop.de\/hallescherruderclub\/ Bevor Ihr loslegt hier noch ein paar wichtige Hinweise! Erima Kleidung und Zubeh\u00f6r: Die HRC Kleidung ist im Wosz Fan Shop vor Ort NICHT vorr\u00e4tig, sie wird \u00fcber den &hellip; <\/p>\n<p class=\"link-more\"><a href=\"https:\/\/hrc-halle.de\/?page_id=562\" class=\"more-link\"><span class=\"screen-reader-text\">\u201eVereinskleidung\u201c<\/span> weiterlesen<\/a><\/p>\n","protected":false},"author":1,"featured_media":0,"parent":169,"menu_order":3,"comment_status":"closed","ping_status":"closed","template":"","meta":{"footnotes":""},"_links":{"self":[{"href":"https:\/\/hrc-halle.de\/index.php?rest_route=\/wp\/v2\/pages\/562"}],"collection":[{"href":"https:\/\/hrc-halle.de\/index.php?rest_route=\/wp\/v2\/pages"}],"about":[{"href":"https:\/\/hrc-halle.de\/index.php?rest_route=\/wp\/v2\/types\/page"}],"author":[{"embeddable":true,"href":"https:\/\/hrc-halle.de\/index.php?rest_route=\/wp\/v2\/users\/1"}],"replies":[{"embeddable":true,"href":"https:\/\/hrc-halle.de\/index.php?rest_route=%2Fwp%2Fv2%2Fcomments&post=562"}],"version-history":[{"count":7,"href":"https:\/\/hrc-halle.de\/index.php?rest_route=\/wp\/v2\/pages\/562\/revisions"}],"predecessor-version":[{"id":724,"href":"https:\/\/hrc-halle.de\/index.php?rest_route=\/wp\/v2\/pages\/562\/revisions\/724"}],"up":[{"embeddable":true,"href":"https:\/\/hrc-halle.de\/index.php?rest_route=\/wp\/v2\/pages\/169"}],"wp:attachment":[{"href":"https:\/\/hrc-halle.de\/index.php?rest_route=%2Fwp%2Fv2%2Fmedia&parent=562"}],"curies":[{"name":"wp","href":"https:\/\/api.w.org\/{rel}","templated":true}]}}