{"id":685,"date":"2022-05-17T06:29:22","date_gmt":"2022-05-17T06:29:22","guid":{"rendered":"http:\/\/hrc-halle.de\/?page_id=685"},"modified":"2023-08-08T14:24:11","modified_gmt":"2023-08-08T14:24:11","slug":"wanderrudern","status":"publish","type":"page","link":"https:\/\/hrc-halle.de\/?page_id=685","title":{"rendered":"Wanderrudern"},"content":{"rendered":"<p>Wir f\u00fchren fast das ganze Jahr hindurch Wanderfahrten auf den verschiedensten Fl\u00fcssen und Seen durch.<br \/>\nDiese Fahren variieren von ein- bis mehrt\u00e4gig und sind immer eindrucksvolle Erlebnisse.<\/p>\n","protected":false},"excerpt":{"rendered":"<p>Wir f\u00fchren fast das ganze Jahr hindurch Wanderfahrten auf den verschiedensten Fl\u00fcssen und Seen durch. Diese Fahren variieren von ein- bis mehrt\u00e4gig und sind immer eindrucksvolle Erlebnisse.<\/p>\n","protected":false},"author":4,"featured_media":0,"parent":75,"menu_order":3,"comment_status":"closed","ping_status":"closed","template":"","meta":{"footnotes":""},"_links":{"self":[{"href":"https:\/\/hrc-halle.de\/index.php?rest_route=\/wp\/v2\/pages\/685"}],"collection":[{"href":"https:\/\/hrc-halle.de\/index.php?rest_route=\/wp\/v2\/pages"}],"about":[{"href":"https:\/\/hrc-halle.de\/index.php?rest_route=\/wp\/v2\/types\/page"}],"author":[{"embeddable":true,"href":"https:\/\/hrc-halle.de\/index.php?rest_route=\/wp\/v2\/users\/4"}],"replies":[{"embeddable":true,"href":"https:\/\/hrc-halle.de\/index.php?rest_route=%2Fwp%2Fv2%2Fcomments&post=685"}],"version-history":[{"count":3,"href":"https:\/\/hrc-halle.de\/index.php?rest_route=\/wp\/v2\/pages\/685\/revisions"}],"predecessor-version":[{"id":827,"href":"https:\/\/hrc-halle.de\/index.php?rest_route=\/wp\/v2\/pages\/685\/revisions\/827"}],"up":[{"embeddable":true,"href":"https:\/\/hrc-halle.de\/index.php?rest_route=\/wp\/v2\/pages\/75"}],"wp:attachment":[{"href":"https:\/\/hrc-halle.de\/index.php?rest_route=%2Fwp%2Fv2%2Fmedia&parent=685"}],"curies":[{"name":"wp","href":"https:\/\/api.w.org\/{rel}","templated":true}]}}