{"id":687,"date":"2022-05-17T06:30:36","date_gmt":"2022-05-17T06:30:36","guid":{"rendered":"http:\/\/hrc-halle.de\/?page_id=687"},"modified":"2023-08-08T14:24:33","modified_gmt":"2023-08-08T14:24:33","slug":"rennrudern","status":"publish","type":"page","link":"https:\/\/hrc-halle.de\/?page_id=687","title":{"rendered":"Rennrudern"},"content":{"rendered":"<p><strong>Rudern als Wettkampfsport<\/strong><\/p>\n<p>Rennrudern st\u00e4rkt die F\u00e4higkeit sich gezielt auf Ereignisse vorzubereiten. Als ambitionierter Wettkampfruderer sind nicht nur k\u00f6rperliche Leistungsf\u00e4higkeit gefragt, sondern auch Zeitmanagement und die Umgang mit Druck.<\/p>\n<p>Schule\/Studium\/ Beruf m\u00fcssen mit dem Sport (3x bis 8x pro Woche, je nach Ziel) in Einklang gebracht werden. Einmal gelernt und gelebt profitiert man \u00a0von diesen F\u00e4higkeiten sein Leben lang.<\/p>\n<p>In der Regel liegt unserer Fokus auf der Teilnahme an regionalen Regatten und \u00a0den Landesmeisterschaften Sachsen-Anhalt. Einige der Wettkampfruderer des HRC sind noch st\u00e4rker ambitioniert und bereiten sich auf nationale und internationale Wettk\u00e4mpfe vor (Deutsche Jugendmeisterschaften, Deutsche Hochschulmeisterschaften, Deutsche Masters Meisterschaften, World Masters).<\/p>\n<p>&nbsp;<\/p>\n<p>&nbsp;<\/p>\n<p>&nbsp;<\/p>\n","protected":false},"excerpt":{"rendered":"<p>Rudern als Wettkampfsport Rennrudern st\u00e4rkt die F\u00e4higkeit sich gezielt auf Ereignisse vorzubereiten. Als ambitionierter Wettkampfruderer sind nicht nur k\u00f6rperliche Leistungsf\u00e4higkeit gefragt, sondern auch Zeitmanagement und die Umgang mit Druck. Schule\/Studium\/ Beruf m\u00fcssen mit dem Sport (3x bis 8x pro Woche, je nach Ziel) in Einklang gebracht werden. Einmal gelernt und gelebt profitiert man \u00a0von diesen &hellip; <\/p>\n<p class=\"link-more\"><a href=\"https:\/\/hrc-halle.de\/?page_id=687\" class=\"more-link\"><span class=\"screen-reader-text\">\u201eRennrudern\u201c<\/span> weiterlesen<\/a><\/p>\n","protected":false},"author":2,"featured_media":0,"parent":75,"menu_order":4,"comment_status":"closed","ping_status":"closed","template":"","meta":{"footnotes":""},"_links":{"self":[{"href":"https:\/\/hrc-halle.de\/index.php?rest_route=\/wp\/v2\/pages\/687"}],"collection":[{"href":"https:\/\/hrc-halle.de\/index.php?rest_route=\/wp\/v2\/pages"}],"about":[{"href":"https:\/\/hrc-halle.de\/index.php?rest_route=\/wp\/v2\/types\/page"}],"author":[{"embeddable":true,"href":"https:\/\/hrc-halle.de\/index.php?rest_route=\/wp\/v2\/users\/2"}],"replies":[{"embeddable":true,"href":"https:\/\/hrc-halle.de\/index.php?rest_route=%2Fwp%2Fv2%2Fcomments&post=687"}],"version-history":[{"count":5,"href":"https:\/\/hrc-halle.de\/index.php?rest_route=\/wp\/v2\/pages\/687\/revisions"}],"predecessor-version":[{"id":761,"href":"https:\/\/hrc-halle.de\/index.php?rest_route=\/wp\/v2\/pages\/687\/revisions\/761"}],"up":[{"embeddable":true,"href":"https:\/\/hrc-halle.de\/index.php?rest_route=\/wp\/v2\/pages\/75"}],"wp:attachment":[{"href":"https:\/\/hrc-halle.de\/index.php?rest_route=%2Fwp%2Fv2%2Fmedia&parent=687"}],"curies":[{"name":"wp","href":"https:\/\/api.w.org\/{rel}","templated":true}]}}