{"id":812,"date":"2023-08-08T13:51:34","date_gmt":"2023-08-08T13:51:34","guid":{"rendered":"https:\/\/hrc-halle.de\/?page_id=812"},"modified":"2026-02-24T06:29:26","modified_gmt":"2026-02-24T06:29:26","slug":"interesse-am-rudern","status":"publish","type":"page","link":"https:\/\/hrc-halle.de\/?page_id=812","title":{"rendered":"Interesse am Rudern?"},"content":{"rendered":"<p><strong>Sie haben Interesse am Rudern?<\/strong><\/p>\n<p>Herzlich Willkommen beim Halleschen Ruder-Club.<\/p>\n<p>&nbsp;<\/p>\n<p><strong>F\u00fcr Anf\u00e4ngerInnen<\/strong><\/p>\n<p>F\u00fcr Anf\u00e4ngerInnen bieten wir 1-2x pro Jahr einen Schnupperkurs an. Innerhalb von 4 Wochen k\u00f6nnen Sie in einer kleinen Gruppe und unter Anleitung im Rudern ausprobieren. Die Kosten betragen 30,00 EUR.<\/p>\n<p><strong>N\u00e4chster Termin<\/strong><\/p>\n<p style=\"font-weight: 400;\">Wir freuen uns \u00fcber das sehr gro\u00dfe Interesse am Rudersport. Wir erhalten fast t\u00e4glich Anfragen. Allerdings k\u00f6nnen wir immer nur eine begrenzte Zahl an NeueinsteigerInnen in unsere Rudergruppen integrieren. F\u00fcr den Schnupperkurs 2026 sind leider schon wieder alle Pl\u00e4tze vergeben, so dass nur noch auf der Warteliste oder im Schnupperkurs 2027 freie Pl\u00e4tze vorhanden sind.<\/p>\n<p>Bei Interesse schicken Sie uns bitte eine Email mit dem Betreff &#8222;Anfrage Schnupperkurs Fr\u00fchjahr 2027&#8220; an <a href=\"javascript:DeCryptX('3l2p3i3r3C1i0r2e2\/0h3d1m3o1f312f3h')\">sch&#117;&#112;p&#101;rn&#64;&#104;rc-&#104;a&#108;l&#101;.de<\/a><\/p>\n<p>Bitte beachten Sie: Da das Rudern f\u00fcr Anf\u00e4nger f\u00fcr uns einen erheblichen Aufwand bedeutet, ist ein einzelnes Probetraining leider nicht m\u00f6glich.<\/p>\n<p>&nbsp;<\/p>\n<p><strong>F\u00fcr WiedereinsteigerInnen<\/strong><\/p>\n<p>Bitte geben Sie kurz Ihre ruderrischen F\u00e4higkeiten und Kenntnisse an:<\/p>\n<ul>\n<li style=\"list-style-type: none;\">\n<ul>\n<li>Wann sind Sie zuletzt gerudert?<\/li>\n<li>In welcher Bootsgattung sind Sie gerudert?<\/li>\n<li>War es Wander- und Freizeitrudern oder Rennrudern?<\/li>\n<li>Haben Sie einen Wunsch?<\/li>\n<\/ul>\n<\/li>\n<\/ul>\n<p>F\u00fcr eine Kontaktaufnahme schreiben Sie uns eine Email mit dem Betreff &#8222;Wiedereinstieg Rudern&#8220; an\u00a0<a href=\"javascript:DeCryptX('2k0n3i1p0@1i3u1d1.3k3d1m0l3h313g3h')\"> <a href=\"javascript:DeCryptX('2k0n3i1p0@1i3u1d1.3k3d1m0l3h313g3h')\">in&#102;&#111;&#64;hr&#99;-&#104;&#97;&#108;&#108;&#101;&#46;&#100;&#101;<\/a><\/a><\/p>\n","protected":false},"excerpt":{"rendered":"<p>Sie haben Interesse am Rudern? Herzlich Willkommen beim Halleschen Ruder-Club. &nbsp; F\u00fcr Anf\u00e4ngerInnen F\u00fcr Anf\u00e4ngerInnen bieten wir 1-2x pro Jahr einen Schnupperkurs an. Innerhalb von 4 Wochen k\u00f6nnen Sie in einer kleinen Gruppe und unter Anleitung im Rudern ausprobieren. Die Kosten betragen 30,00 EUR. N\u00e4chster Termin Wir freuen uns \u00fcber das sehr gro\u00dfe Interesse am &hellip; <\/p>\n<p class=\"link-more\"><a href=\"https:\/\/hrc-halle.de\/?page_id=812\" class=\"more-link\"><span class=\"screen-reader-text\">\u201eInteresse am Rudern?\u201c<\/span> weiterlesen<\/a><\/p>\n","protected":false},"author":2,"featured_media":0,"parent":0,"menu_order":3,"comment_status":"closed","ping_status":"closed","template":"","meta":{"footnotes":""},"_links":{"self":[{"href":"https:\/\/hrc-halle.de\/index.php?rest_route=\/wp\/v2\/pages\/812"}],"collection":[{"href":"https:\/\/hrc-halle.de\/index.php?rest_route=\/wp\/v2\/pages"}],"about":[{"href":"https:\/\/hrc-halle.de\/index.php?rest_route=\/wp\/v2\/types\/page"}],"author":[{"embeddable":true,"href":"https:\/\/hrc-halle.de\/index.php?rest_route=\/wp\/v2\/users\/2"}],"replies":[{"embeddable":true,"href":"https:\/\/hrc-halle.de\/index.php?rest_route=%2Fwp%2Fv2%2Fcomments&post=812"}],"version-history":[{"count":18,"href":"https:\/\/hrc-halle.de\/index.php?rest_route=\/wp\/v2\/pages\/812\/revisions"}],"predecessor-version":[{"id":1012,"href":"https:\/\/hrc-halle.de\/index.php?rest_route=\/wp\/v2\/pages\/812\/revisions\/1012"}],"wp:attachment":[{"href":"https:\/\/hrc-halle.de\/index.php?rest_route=%2Fwp%2Fv2%2Fmedia&parent=812"}],"curies":[{"name":"wp","href":"https:\/\/api.w.org\/{rel}","templated":true}]}}